{"id":944,"date":"2020-02-19T22:35:59","date_gmt":"2020-02-19T21:35:59","guid":{"rendered":"https:\/\/interior.birkenleder.de\/imprint\/"},"modified":"2023-03-28T11:25:29","modified_gmt":"2023-03-28T09:25:29","slug":"imprint","status":"publish","type":"page","link":"https:\/\/interior.birkenleder.de\/en\/imprint\/","title":{"rendered":"Imprint"},"content":{"rendered":"\n<p>Due to \u00a7 5 TMG:<\/p>\n\n<p>Yana Lefler&#13;\n(Interior Design Bachelor)&#13;\nFu\u00dfst\u00e4tt 3&#13;\n83564 Soyen<\/p>\n\n<h2 class=\"wp-block-heading\">Contact:<\/h2>\n\n<p>Phone: +49 (0) 8071 728 78 95<\/p>\n\n<p>E-Mail: <a href=\"mailto:info@birkenleder.de\">info@birkenleder.de<\/a><\/p>\n\n<p>Tax ID &#8211; \u00a727 a Umsatzsteuergesetz:<\/p>\n\n<p><strong>DE281002917<\/strong><\/p>\n\n<p>Europ\u00e4isch standardisierte M\u00f6glichkeit zur Streitbeilegung <a href=\"https:\/\/ec.europa.eu\/consumers\/odr\">\/\/ec.europa.eu\/consumers\/odr<\/a><\/p>\n\n<p>Source: <a href=\"http:\/\/www.e-recht24.de\/\"><em>http:\/\/www.e-recht24.de<\/em><\/a><em>, Imprint Generator<\/em><\/p>\n\n<h3 class=\"wp-block-heading\">Disclaimer<\/h3>\n\n<h3 class=\"wp-block-heading\">Disclaimer on Content<\/h3>\n\n<p>Die Inhalte unserer Seiten wurden mit gr\u00f6\u00dfter Sorgfalt erstellt. F\u00fcr &#13;\ndie Richtigkeit, Vollst\u00e4ndigkeit und Aktualit\u00e4t der Inhalte k\u00f6nnen wir &#13;\njedoch keine Gew\u00e4hr \u00fcbernehmen. Als Diensteanbieter sind wir gem\u00e4\u00df \u00a7 7 &#13;\nAbs.1 TMG f\u00fcr eigene Inhalte auf diesen Seiten nach den allgemeinen &#13;\nGesetzen verantwortlich. Nach \u00a7\u00a7 8 bis 10 TMG sind wir als &#13;\nDiensteanbieter jedoch nicht verpflichtet, \u00fcbermittelte oder &#13;\ngespeicherte fremde Informationen zu \u00fcberwachen oder nach Umst\u00e4nden zu &#13;\nforschen, die auf eine rechtswidrige T\u00e4tigkeit hinweisen. &#13;\nVerpflichtungen zur Entfernung oder Sperrung der Nutzung von &#13;\nInformationen nach den allgemeinen Gesetzen bleiben hiervon unber\u00fchrt. &#13;\nEine diesbez\u00fcgliche Haftung ist jedoch erst ab dem Zeitpunkt der &#13;\nKenntnis einer konkreten Rechtsverletzung m\u00f6glich. Bei Bekanntwerden von&#13;\n entsprechenden Rechtsverletzungen werden wir diese Inhalte umgehend &#13;\nentfernen.<\/p>\n\n<h3 class=\"wp-block-heading\">Disclaimer on Links<\/h3>\n\n<p>Unser Angebot enth\u00e4lt Links zu externen Webseiten Dritter, auf deren &#13;\nInhalte wir keinen Einfluss haben. Deshalb k\u00f6nnen wir f\u00fcr diese fremden &#13;\nInhalte auch keine Gew\u00e4hr \u00fcbernehmen. F\u00fcr die Inhalte der verlinkten &#13;\nSeiten ist stets der jeweilige Anbieter oder Betreiber der Seiten &#13;\nverantwortlich. Die verlinkten Seiten wurden zum Zeitpunkt der &#13;\nVerlinkung auf m\u00f6gliche Rechtsverst\u00f6\u00dfe \u00fcberpr\u00fcft. Rechtswidrige Inhalte &#13;\nwaren zum Zeitpunkt der Verlinkung nicht erkennbar. Eine permanente &#13;\ninhaltliche Kontrolle der verlinkten Seiten ist jedoch ohne konkrete &#13;\nAnhaltspunkte einer Rechtsverletzung nicht zumutbar. Bei Bekanntwerden &#13;\nvon Rechtsverletzungen werden wir derartige Links umgehend entfernen.<\/p>\n\n<h3 class=\"wp-block-heading\">Copyright<\/h3>\n\n<p>Die durch die Seitenbetreiber erstellten Inhalte und Werke auf diesen&#13;\n Seiten unterliegen dem deutschen Urheberrecht. Die Vervielf\u00e4ltigung, &#13;\nBearbeitung, Verbreitung und jede Art der Verwertung au\u00dferhalb der &#13;\nGrenzen des Urheberrechtes bed\u00fcrfen der schriftlichen Zustimmung des &#13;\njeweiligen Autors bzw. Erstellers. Downloads und Kopien dieser Seite &#13;\nsind nur f\u00fcr den privaten, nicht kommerziellen Gebrauch gestattet. &#13;\nSoweit die Inhalte auf dieser Seite nicht vom Betreiber erstellt wurden,&#13;\n werden die Urheberrechte Dritter beachtet. Insbesondere werden Inhalte &#13;\nDritter als solche gekennzeichnet. Sollten Sie trotzdem auf eine &#13;\nUrheberrechtsverletzung aufmerksam werden, bitten wir um einen &#13;\nentsprechenden Hinweis. Bei Bekanntwerden von Rechtsverletzungen werden &#13;\nwir derartige Inhalte umgehend entfernen.<\/p>\n\n<h3 class=\"wp-block-heading\">Data Protection<\/h3>\n\n<p>Die Nutzung unserer Webseite ist in der Regel ohne Angabe &#13;\npersonenbezogener Daten m\u00f6glich. Soweit auf unseren Seiten &#13;\npersonenbezogene Daten (beispielsweise Name, Anschrift oder &#13;\neMail-Adressen) erhoben werden, erfolgt dies, soweit m\u00f6glich, stets auf &#13;\nfreiwilliger Basis. Diese Daten werden ohne Ihre ausdr\u00fcckliche &#13;\nZustimmung nicht an Dritte weitergegeben.<\/p>\n\n<p>Wir weisen darauf hin, dass die Daten\u00fcbertragung im Internet (z.B. &#13;\nbei der Kommunikation per E-Mail) Sicherheitsl\u00fccken aufweisen kann. Ein &#13;\nl\u00fcckenloser Schutz der Daten vor dem Zugriff durch Dritte ist nicht &#13;\nm\u00f6glich.<\/p>\n\n<p>Der Nutzung von im Rahmen der Impressumspflicht ver\u00f6ffentlichten &#13;\nKontaktdaten durch Dritte zur \u00dcbersendung von nicht ausdr\u00fccklich &#13;\nangeforderter Werbung und Informationsmaterialien wird hiermit &#13;\nausdr\u00fccklich widersprochen. Die Betreiber der Seiten behalten sich &#13;\nausdr\u00fccklich rechtliche Schritte im Falle der unverlangten Zusendung von&#13;\n Werbeinformationen, etwa durch Spam-Mails, vor.<\/p>\n\n<p>Weiterf\u00fchrende Informationen zu unserem Datenschutz hier:\u00a0<a href=\"https:\/\/birkenleder.de\/datenschutz-2\/\">https:\/\/birkenleder.de\/datenschutz-2\/<\/a><\/p>\n\n<p><em>Source: <\/em><a href=\"http:\/\/www.e-recht24.de\/muster-disclaimer.htm\"><em>Disclaimer<\/em><\/a><em> von eRecht24, dem Portal zum Internetrecht von Rechtsanwalt S\u00f6ren Siebert<\/em><\/p>\n","protected":false},"excerpt":{"rendered":"<p>Due to \u00a7 5 TMG: Yana Lefler&#13; (Interior Design Bachelor)&#13; Fu\u00dfst\u00e4tt 3&#13; 83564 Soyen Contact: Phone: +49 (0) 8071 728 78 95 E-Mail: info@birkenleder.de Tax ID &#8211; \u00a727 a Umsatzsteuergesetz: DE281002917 Europ\u00e4isch standardisierte M\u00f6glichkeit zur Streitbeilegung \/\/ec.europa.eu\/consumers\/odr Source: http:\/\/www.e-recht24.de, Imprint Generator Disclaimer Disclaimer on Content Die Inhalte unserer Seiten wurden mit gr\u00f6\u00dfter Sorgfalt erstellt. F\u00fcr [&#8230;]\n","protected":false},"author":3,"featured_media":0,"parent":0,"menu_order":0,"comment_status":"closed","ping_status":"closed","template":"","meta":{"footnotes":""},"class_list":["post-944","page","type-page","status-publish","hentry"],"_links":{"self":[{"href":"https:\/\/interior.birkenleder.de\/en\/wp-json\/wp\/v2\/pages\/944","targetHints":{"allow":["GET"]}}],"collection":[{"href":"https:\/\/interior.birkenleder.de\/en\/wp-json\/wp\/v2\/pages"}],"about":[{"href":"https:\/\/interior.birkenleder.de\/en\/wp-json\/wp\/v2\/types\/page"}],"author":[{"embeddable":true,"href":"https:\/\/interior.birkenleder.de\/en\/wp-json\/wp\/v2\/users\/3"}],"replies":[{"embeddable":true,"href":"https:\/\/interior.birkenleder.de\/en\/wp-json\/wp\/v2\/comments?post=944"}],"version-history":[{"count":1,"href":"https:\/\/interior.birkenleder.de\/en\/wp-json\/wp\/v2\/pages\/944\/revisions"}],"predecessor-version":[{"id":1011,"href":"https:\/\/interior.birkenleder.de\/en\/wp-json\/wp\/v2\/pages\/944\/revisions\/1011"}],"wp:attachment":[{"href":"https:\/\/interior.birkenleder.de\/en\/wp-json\/wp\/v2\/media?parent=944"}],"curies":[{"name":"wp","href":"https:\/\/api.w.org\/{rel}","templated":true}]}}